{"id":1187,"date":"2022-11-16T08:31:28","date_gmt":"2022-11-16T07:31:28","guid":{"rendered":"https:\/\/v4.si\/?page_id=1187"},"modified":"2022-11-17T23:21:07","modified_gmt":"2022-11-17T22:21:07","slug":"razvoj-elektronike","status":"publish","type":"page","link":"https:\/\/v4.si\/index.php\/razvoj-elektronike\/","title":{"rendered":"Razvoj elektronike"},"content":{"rendered":"\n<p class=\"wp-block-paragraph\">Razvoj elektronike je na\u0161a glavna dejavnost, obi\u010dajno razdeljena na \u0161tiri faze: opis problema, na\u010drtovanje, in\u017eeniring in validacija. Na\u0161e storitve obvladujejo celotne projekte v vseh fazah, lotimo se pa tudi posameznih delov razvojnega procesa.<\/p>\n\n\n\n<div class=\"wp-block-media-text alignwide is-stacked-on-mobile\" style=\"grid-template-columns:45% auto\"><figure class=\"wp-block-media-text__media\"><img loading=\"lazy\" decoding=\"async\" width=\"770\" height=\"400\" src=\"https:\/\/v4.si\/wp-content\/uploads\/2022\/11\/shutterstock_416503708.jpg\" alt=\"\" class=\"wp-image-1216 size-full\" srcset=\"https:\/\/v4.si\/wp-content\/uploads\/2022\/11\/shutterstock_416503708.jpg 770w, https:\/\/v4.si\/wp-content\/uploads\/2022\/11\/shutterstock_416503708-300x156.jpg 300w, https:\/\/v4.si\/wp-content\/uploads\/2022\/11\/shutterstock_416503708-768x399.jpg 768w\" sizes=\"auto, (max-width: 770px) 100vw, 770px\" \/><\/figure><div class=\"wp-block-media-text__content\">\n<p class=\"wp-block-paragraph\">Prva faza v na\u0161em razvojnem procesu se za\u010dne z opredelitvijo in definicijo problema in kon\u010da s prototipom oz. proof-of-concept modelom. V tej fazi pregledamo povpra\u0161evanje po izdelku, ki ga je treba razviti, in skupaj z naro\u010dnikom definiramo zahteve. V tej fazi se dolo\u010dijo tehni\u010dne specifikacije, smernice za izdelavo, postopki testiranja ter drugi pogoji in omejitve.<\/p>\n<\/div><\/div>\n\n\n\n<div class=\"wp-block-media-text alignwide has-media-on-the-right is-stacked-on-mobile\" style=\"grid-template-columns:auto 58%\"><div class=\"wp-block-media-text__content\">\n<p class=\"wp-block-paragraph\">V naslednjem koraku ocenimo trenutno stanje razpolo\u017eljivih re\u0161itev in preko itraktivnega razvojnega procesa pripravimo na\u010drte, postopke in pregled procesov, ki so potrebni, da bo izdelek izpolnil postavljene zahteve. Do kon\u010dnega izdelka pridemo skupaj v sodelovanju z naro\u010dnikom v ve\u010d korakih, kjer upo\u0161tevamo vse povratne informacije in na transparenten na\u010din preko rednih sestankov pridemo do zastavljenega cilja. <\/p>\n<\/div><figure class=\"wp-block-media-text__media\"><img loading=\"lazy\" decoding=\"async\" width=\"1024\" height=\"576\" src=\"https:\/\/v4.si\/wp-content\/uploads\/2022\/11\/radar_expl-1024x576.jpg\" alt=\"\" class=\"wp-image-1215 size-full\" srcset=\"https:\/\/v4.si\/wp-content\/uploads\/2022\/11\/radar_expl-1024x576.jpg 1024w, https:\/\/v4.si\/wp-content\/uploads\/2022\/11\/radar_expl-300x169.jpg 300w, https:\/\/v4.si\/wp-content\/uploads\/2022\/11\/radar_expl-768x432.jpg 768w, https:\/\/v4.si\/wp-content\/uploads\/2022\/11\/radar_expl-1536x864.jpg 1536w, https:\/\/v4.si\/wp-content\/uploads\/2022\/11\/radar_expl.jpg 1920w\" sizes=\"auto, (max-width: 1024px) 100vw, 1024px\" \/><\/figure><\/div>\n\n\n\n<div class=\"wp-block-media-text alignwide is-stacked-on-mobile\" style=\"grid-template-columns:36% auto\"><figure class=\"wp-block-media-text__media\"><img loading=\"lazy\" decoding=\"async\" width=\"1024\" height=\"683\" src=\"https:\/\/v4.si\/wp-content\/uploads\/2022\/11\/IMG_4121-1024x683.jpg\" alt=\"\" class=\"wp-image-1217 size-full\" srcset=\"https:\/\/v4.si\/wp-content\/uploads\/2022\/11\/IMG_4121-1024x683.jpg 1024w, https:\/\/v4.si\/wp-content\/uploads\/2022\/11\/IMG_4121-300x200.jpg 300w, https:\/\/v4.si\/wp-content\/uploads\/2022\/11\/IMG_4121-768x512.jpg 768w, https:\/\/v4.si\/wp-content\/uploads\/2022\/11\/IMG_4121-1536x1024.jpg 1536w, https:\/\/v4.si\/wp-content\/uploads\/2022\/11\/IMG_4121-2048x1365.jpg 2048w\" sizes=\"auto, (max-width: 1024px) 100vw, 1024px\" \/><\/figure><div class=\"wp-block-media-text__content\">\n<p class=\"wp-block-paragraph\">Kon\u010dni izdelek je izdelan in sestavljen v fazi pilotske izdelave, kjer se preveri tudi sam proces proizvodnje. Na\u0161 cilj v tej fazi je dobaviti zanesljiv izdelek, ki izpolnjuje specifi\u010dne konstrukcijske zahteve na stro\u0161kovno u\u010dinkovit na\u010din, seveda kadar gre za izdelek v ve\u010djih serijah, ki se bo proizvajal v serijski proizvodnji. Do nekaj 10 ali najve\u010d 100 kos pa lahko izdelamo tudi pri nas, kjer imamo vso potrebno opremo in znanje za izdelavo majhnih serij.<\/p>\n<\/div><\/div>\n\n\n\n<div class=\"wp-block-media-text alignwide has-media-on-the-right is-stacked-on-mobile\" style=\"grid-template-columns:auto 55%\"><div class=\"wp-block-media-text__content\">\n<p class=\"wp-block-paragraph\">Testiranje in verifikacija zastavljenih zahtev je proces, ki ga izvajamo ves \u010das razvoja. Na koncu pa izvedemo \u0161e validacijski preizkus funkcionalnosti razvitega izdelka s sistemati\u010dno oceno in izvajanjem nekaterih testov. V tej fazi pripravimo vse potrebno za kon\u010dno validacijo in pri tem nudimo vso potrebno pomo\u010d, da izdelek skupaj tudi certificiramo po zahtevanih standardih, \u010de je to potrebno. <\/p>\n<\/div><figure class=\"wp-block-media-text__media\"><img loading=\"lazy\" decoding=\"async\" width=\"1024\" height=\"698\" src=\"https:\/\/v4.si\/wp-content\/uploads\/2022\/11\/spectr-1024x698.jpg\" alt=\"\" class=\"wp-image-1218 size-full\" srcset=\"https:\/\/v4.si\/wp-content\/uploads\/2022\/11\/spectr-1024x698.jpg 1024w, https:\/\/v4.si\/wp-content\/uploads\/2022\/11\/spectr-300x205.jpg 300w, https:\/\/v4.si\/wp-content\/uploads\/2022\/11\/spectr-768x524.jpg 768w, https:\/\/v4.si\/wp-content\/uploads\/2022\/11\/spectr.jpg 1069w\" sizes=\"auto, (max-width: 1024px) 100vw, 1024px\" \/><\/figure><\/div>\n","protected":false},"excerpt":{"rendered":"<p>Razvoj elektronike je na\u0161a glavna dejavnost, obi\u010dajno razdeljena na \u0161tiri faze: opis problema, na\u010drtovanje, in\u017eeniring in validacija. Na\u0161e storitve obvladujejo celotne projekte v vseh fazah, lotimo se pa tudi posameznih delov razvojnega procesa. Prva faza v na\u0161em razvojnem procesu se za\u010dne z opredelitvijo in definicijo problema in kon\u010da s prototipom oz. proof-of-concept modelom. V tej [&hellip;]<\/p>\n","protected":false},"author":1,"featured_media":0,"parent":0,"menu_order":0,"comment_status":"closed","ping_status":"closed","template":"","meta":{"_coblocks_attr":"","_coblocks_dimensions":"","_coblocks_responsive_height":"","_coblocks_accordion_ie_support":"","_crdt_document":"","footnotes":""},"class_list":["post-1187","page","type-page","status-publish","hentry"],"_links":{"self":[{"href":"https:\/\/v4.si\/index.php\/wp-json\/wp\/v2\/pages\/1187","targetHints":{"allow":["GET"]}}],"collection":[{"href":"https:\/\/v4.si\/index.php\/wp-json\/wp\/v2\/pages"}],"about":[{"href":"https:\/\/v4.si\/index.php\/wp-json\/wp\/v2\/types\/page"}],"author":[{"embeddable":true,"href":"https:\/\/v4.si\/index.php\/wp-json\/wp\/v2\/users\/1"}],"replies":[{"embeddable":true,"href":"https:\/\/v4.si\/index.php\/wp-json\/wp\/v2\/comments?post=1187"}],"version-history":[{"count":2,"href":"https:\/\/v4.si\/index.php\/wp-json\/wp\/v2\/pages\/1187\/revisions"}],"predecessor-version":[{"id":1289,"href":"https:\/\/v4.si\/index.php\/wp-json\/wp\/v2\/pages\/1187\/revisions\/1289"}],"wp:attachment":[{"href":"https:\/\/v4.si\/index.php\/wp-json\/wp\/v2\/media?parent=1187"}],"curies":[{"name":"wp","href":"https:\/\/api.w.org\/{rel}","templated":true}]}}