{"id":1336,"date":"2022-11-17T23:37:25","date_gmt":"2022-11-17T22:37:25","guid":{"rendered":"https:\/\/v4.si\/?page_id=1336"},"modified":"2022-11-17T23:42:41","modified_gmt":"2022-11-17T22:42:41","slug":"v4-elektronika-o-nas","status":"publish","type":"page","link":"https:\/\/v4.si\/index.php\/v4-elektronika-o-nas\/","title":{"rendered":"V4 elektronika &#8211; o nas"},"content":{"rendered":"<div class=\"wp-block-site-logo\"><a href=\"https:\/\/v4.si\/\" class=\"custom-logo-link\" rel=\"home\"><img loading=\"lazy\" decoding=\"async\" width=\"311\" height=\"32\" src=\"https:\/\/v4.si\/wp-content\/uploads\/2022\/11\/cropped-logo-wide-inv.png\" class=\"custom-logo\" alt=\"V4 electronics\" srcset=\"https:\/\/v4.si\/wp-content\/uploads\/2022\/11\/cropped-logo-wide-inv.png 684w, https:\/\/v4.si\/wp-content\/uploads\/2022\/11\/cropped-logo-wide-inv-300x32.png 300w, https:\/\/v4.si\/wp-content\/uploads\/2022\/11\/cropped-logo-wide-inv-280x29.png 280w\" sizes=\"auto, (max-width: 311px) 100vw, 311px\" \/><\/a><\/div>\n\n\n<h2 class=\"wp-block-heading\">Lokacija<\/h2>\n\n\n\n<div style=\"min-height:400px\" data-map-attr=\"\/qaddress\/q:\/qmarko pavlin s.p.\/q||\/qlat\/q:\/qundefined\/q||\/qlng\/q:\/qundefined\/q||\/qskin\/q:\/qstandard\/q||\/qzoom\/q:\/q12\/q||\/qiconSize\/q:\/q36\/q||\/qmapTypeControl\/q:\/qtrue\/q||\/qzoomControl\/q:\/qtrue\/q||\/qstreetViewControl\/q:\/qtrue\/q||\/qfullscreenControl\/q:\/qtrue\/q\" class=\"wp-block-coblocks-map\"><iframe title=\"Google Map\" frameborder=\"0\" style=\"width:100%;min-height:400px\" src=\"https:\/\/www.google.com\/maps?q=marko%20pavlin%20s.p.&amp;output=embed&amp;hl=en-US&amp;z=12\"><\/iframe><\/div>\n\n\n\n<figure class=\"wp-block-table\"><table><tbody><tr><td>Naziv podjetja<\/td><td>Marko Pavlin, s.p.<\/td><\/tr><tr><td>Dav\u010dna \u0161tevilka<\/td><td>72478985<\/td><\/tr><tr><td>Mati\u010dna \u0161tevilka<\/td><td>9074805000<\/td><\/tr><tr><td>Zavezanec za DDV<\/td><td>Ne<\/td><\/tr><tr><td>Ustanovljen<\/td><td>1. 3. 2022<\/td><\/tr><tr><td>Dolg naziv<\/td><td>MARKO PAVLIN RAZVOJ IN RAZISKAVE S.P.<\/td><\/tr><tr><td>Naslov<\/td><td>Jur\u010di\u010deva 5, 8000 Novo mesto<\/td><\/tr><tr><td>Transakcijski ra\u010dun<\/td><td>(N26 Bank) DE91 1001 1001 2629 3708 71, BIC: NTSBDEB1XXX<\/td><\/tr><tr><td>Email<\/td><td>info@v4.si \/ marko@pavlin.si<\/td><\/tr><\/tbody><\/table><\/figure>\n\n\n\n<h2 class=\"wp-block-heading\">Pi\u0161ite nam<\/h2>\n\n\n\n<div class=\"wp-block-contact-form-7-contact-form-selector\"><div class=\"wpcf7 no-js\" id=\"wpcf7-f1321-o1\" lang=\"\" dir=\"ltr\">\n<div class=\"screen-reader-response\"><p role=\"status\" aria-live=\"polite\" aria-atomic=\"true\"><\/p> <ul><\/ul><\/div>\n<form action=\"\/index.php\/wp-json\/wp\/v2\/pages\/1336#wpcf7-f1321-o1\" method=\"post\" class=\"wpcf7-form init\" aria-label=\"Contact form\" novalidate=\"novalidate\" data-status=\"init\">\n<div style=\"display: none;\">\n<input type=\"hidden\" name=\"_wpcf7\" value=\"1321\" \/>\n<input type=\"hidden\" name=\"_wpcf7_version\" value=\"5.7\" \/>\n<input type=\"hidden\" name=\"_wpcf7_locale\" value=\"\" \/>\n<input type=\"hidden\" name=\"_wpcf7_unit_tag\" value=\"wpcf7-f1321-o1\" \/>\n<input type=\"hidden\" name=\"_wpcf7_container_post\" value=\"0\" \/>\n<input type=\"hidden\" name=\"_wpcf7_posted_data_hash\" value=\"\" \/>\n<input type=\"hidden\" name=\"_wpcf7_recaptcha_response\" value=\"\" \/>\n<\/div>\n<p><label> Your name<br \/>\n<span class=\"wpcf7-form-control-wrap\" data-name=\"your-name\"><input size=\"40\" class=\"wpcf7-form-control wpcf7-text wpcf7-validates-as-required\" aria-required=\"true\" aria-invalid=\"false\" value=\"\" type=\"text\" name=\"your-name\" \/><\/span> <\/label>\n<\/p>\n<p><label> Your email<br \/>\n<span class=\"wpcf7-form-control-wrap\" data-name=\"your-email\"><input size=\"40\" class=\"wpcf7-form-control wpcf7-text wpcf7-email wpcf7-validates-as-required wpcf7-validates-as-email\" aria-required=\"true\" aria-invalid=\"false\" value=\"\" type=\"email\" name=\"your-email\" \/><\/span> <\/label>\n<\/p>\n<p><label> Subject<br \/>\n<span class=\"wpcf7-form-control-wrap\" data-name=\"your-subject\"><input size=\"40\" class=\"wpcf7-form-control wpcf7-text wpcf7-validates-as-required\" aria-required=\"true\" aria-invalid=\"false\" value=\"\" type=\"text\" name=\"your-subject\" \/><\/span> <\/label>\n<\/p>\n<p><label> Phone<br \/>\n<span class=\"wpcf7-form-control-wrap\" data-name=\"phone\"><input size=\"40\" class=\"wpcf7-form-control wpcf7-text wpcf7-tel wpcf7-validates-as-tel\" aria-invalid=\"false\" value=\"\" type=\"tel\" name=\"phone\" \/><\/span> <\/label>\n<\/p>\n<p><label> Contact me via...<\/label><br \/>\n<span class=\"wpcf7-form-control-wrap\" data-name=\"checkbox-contact\"><span class=\"wpcf7-form-control wpcf7-checkbox\"><span class=\"wpcf7-list-item first\"><input type=\"checkbox\" name=\"checkbox-contact[]\" value=\"contact_mail\" tabindex=\"\" \/><span class=\"wpcf7-list-item-label\">contact_mail<\/span><\/span><span class=\"wpcf7-list-item\"><input type=\"checkbox\" name=\"checkbox-contact[]\" value=\"contact_phone\" tabindex=\"\" \/><span class=\"wpcf7-list-item-label\">contact_phone<\/span><\/span><span class=\"wpcf7-list-item last\"><input type=\"checkbox\" name=\"checkbox-contact[]\" value=\"contact_whatsapp\" tabindex=\"\" \/><span class=\"wpcf7-list-item-label\">contact_whatsapp<\/span><\/span><\/span><\/span>\n<\/p>\n<p><label> Your message (optional)<br \/>\n<span class=\"wpcf7-form-control-wrap\" data-name=\"your-message\"><textarea cols=\"40\" rows=\"10\" class=\"wpcf7-form-control wpcf7-textarea wpcf7-validates-as-required\" aria-required=\"true\" aria-invalid=\"false\" name=\"your-message\"><\/textarea><\/span> <\/label>\n<\/p>\n<p>Input this code: <input type=\"hidden\" name=\"_wpcf7_captcha_challenge_size:m\" value=\"2421287441\" \/><img loading=\"lazy\" decoding=\"async\" class=\"wpcf7-form-control wpcf7-captchac wpcf7-captcha-sizem\" width=\"72\" height=\"24\" alt=\"captcha\" src=\"https:\/\/v4.si\/wp-content\/uploads\/wpcf7_captcha\/2421287441.png\" \/> <span class=\"wpcf7-form-control-wrap\" data-name=\"captcha-170\"><input size=\"4\" maxlength=\"4\" class=\"wpcf7-form-control wpcf7-captchar\" autocomplete=\"off\" aria-invalid=\"false\" value=\"\" type=\"text\" name=\"captcha-170\" \/><\/span>\n<\/p>\n<p><input class=\"wpcf7-form-control has-spinner wpcf7-submit\" type=\"submit\" value=\"Submit\" \/>\n<\/p><div class=\"wpcf7-response-output\" aria-hidden=\"true\"><\/div><\/form><\/div><\/div>\n","protected":false},"excerpt":{"rendered":"<p>Lokacija Naziv podjetja Marko Pavlin, s.p. Dav\u010dna \u0161tevilka 72478985 Mati\u010dna \u0161tevilka 9074805000 Zavezanec za DDV Ne Ustanovljen 1. 3. 2022 Dolg naziv MARKO PAVLIN RAZVOJ IN RAZISKAVE S.P. Naslov Jur\u010di\u010deva 5, 8000 Novo mesto Transakcijski ra\u010dun (N26 Bank) DE91 1001 1001 2629 3708 71, BIC: NTSBDEB1XXX Email info@v4.si \/ marko@pavlin.si Pi\u0161ite nam<\/p>\n","protected":false},"author":1,"featured_media":0,"parent":0,"menu_order":0,"comment_status":"closed","ping_status":"closed","template":"","meta":{"_coblocks_attr":"","_coblocks_dimensions":"","_coblocks_responsive_height":"","_coblocks_accordion_ie_support":"","_crdt_document":"","footnotes":""},"class_list":["post-1336","page","type-page","status-publish","hentry"],"_links":{"self":[{"href":"https:\/\/v4.si\/index.php\/wp-json\/wp\/v2\/pages\/1336","targetHints":{"allow":["GET"]}}],"collection":[{"href":"https:\/\/v4.si\/index.php\/wp-json\/wp\/v2\/pages"}],"about":[{"href":"https:\/\/v4.si\/index.php\/wp-json\/wp\/v2\/types\/page"}],"author":[{"embeddable":true,"href":"https:\/\/v4.si\/index.php\/wp-json\/wp\/v2\/users\/1"}],"replies":[{"embeddable":true,"href":"https:\/\/v4.si\/index.php\/wp-json\/wp\/v2\/comments?post=1336"}],"version-history":[{"count":2,"href":"https:\/\/v4.si\/index.php\/wp-json\/wp\/v2\/pages\/1336\/revisions"}],"predecessor-version":[{"id":1339,"href":"https:\/\/v4.si\/index.php\/wp-json\/wp\/v2\/pages\/1336\/revisions\/1339"}],"wp:attachment":[{"href":"https:\/\/v4.si\/index.php\/wp-json\/wp\/v2\/media?parent=1336"}],"curies":[{"name":"wp","href":"https:\/\/api.w.org\/{rel}","templated":true}]}}